{"id":483,"date":"2023-10-20T08:04:26","date_gmt":"2023-10-20T08:04:26","guid":{"rendered":"https:\/\/www.fruechtepfluecker.de\/produkt\/uniwersalny-adapter-paskawymiana\/"},"modified":"2024-12-13T14:37:05","modified_gmt":"2024-12-13T14:37:05","slug":"uniwersalny-adapter","status":"publish","type":"product","link":"https:\/\/www.fruechtepfluecker.de\/pl\/produkt\/uniwersalny-adapter\/","title":{"rendered":"<br>Uniwersalny adapter paska (zamiennik)"},"content":{"rendered":"<p>Ten adapter pr\u0119ta jest ju\u017c do\u0142\u0105czony do zam\u00f3wienia FRUIT PLUSHER, ale mo\u017cna go r\u00f3wnie\u017c zakupi\u0107 osobno (np. jako zamiennik).<\/p>\n","protected":false},"excerpt":{"rendered":"<p>Ten adapter pr\u0119ta jest ju\u017c do\u0142\u0105czony do zam\u00f3wienia FRUIT PLUSHER, ale mo\u017cna go r\u00f3wnie\u017c zakupi\u0107 osobno (np. jako zamiennik).<\/p>\n","protected":false},"featured_media":312,"template":"","meta":[],"product_brand":[],"product_cat":[105],"product_tag":[],"class_list":{"0":"post-483","1":"product","2":"type-product","3":"status-publish","4":"has-post-thumbnail","6":"product_cat-akcesoria","7":"product_shipping_class-koperta-dhl-maxibrief-do-05-kg","9":"first","10":"instock","11":"taxable","12":"shipping-taxable","13":"purchasable","14":"product-type-simple"},"jetpack_sharing_enabled":true,"_links":{"self":[{"href":"https:\/\/www.fruechtepfluecker.de\/pl\/wp-json\/wp\/v2\/product\/483","targetHints":{"allow":["GET"]}}],"collection":[{"href":"https:\/\/www.fruechtepfluecker.de\/pl\/wp-json\/wp\/v2\/product"}],"about":[{"href":"https:\/\/www.fruechtepfluecker.de\/pl\/wp-json\/wp\/v2\/types\/product"}],"wp:featuredmedia":[{"embeddable":true,"href":"https:\/\/www.fruechtepfluecker.de\/pl\/wp-json\/wp\/v2\/media\/312"}],"wp:attachment":[{"href":"https:\/\/www.fruechtepfluecker.de\/pl\/wp-json\/wp\/v2\/media?parent=483"}],"wp:term":[{"taxonomy":"product_brand","embeddable":true,"href":"https:\/\/www.fruechtepfluecker.de\/pl\/wp-json\/wp\/v2\/product_brand?post=483"},{"taxonomy":"product_cat","embeddable":true,"href":"https:\/\/www.fruechtepfluecker.de\/pl\/wp-json\/wp\/v2\/product_cat?post=483"},{"taxonomy":"product_tag","embeddable":true,"href":"https:\/\/www.fruechtepfluecker.de\/pl\/wp-json\/wp\/v2\/product_tag?post=483"}],"curies":[{"name":"wp","href":"https:\/\/api.w.org\/{rel}","templated":true}]}}