{"id":427,"date":"2023-10-20T07:23:20","date_gmt":"2023-10-20T07:23:20","guid":{"rendered":"https:\/\/www.fruechtepfluecker.de\/produkt\/adapter-kstozek-malarski-m8\/"},"modified":"2024-12-13T14:33:54","modified_gmt":"2024-12-13T14:33:54","slug":"adapter-cone-m8for-20mm-rods","status":"publish","type":"product","link":"https:\/\/www.fruechtepfluecker.de\/pl\/produkt\/adapter-cone-m8for-20mm-rods\/","title":{"rendered":"<br>Adapter &#8222;K&#8221; (sto\u017cek malarski M8)<br><br>"},"content":{"rendered":"<p>Adapter sto\u017ckowy M8 do tyczek o \u015brednicy 20 mm. Kompatybilny np. z kijami teleskopowymi &#8222;Lewi&#8221;. Materia\u0142: tworzywo sztuczne z mosi\u0119\u017cn\u0105 wk\u0142adk\u0105 gwintowan\u0105 (M8)<\/p>\n","protected":false},"excerpt":{"rendered":"<p>Adapter sto\u017ckowy M8 do tyczek o \u015brednicy 20 mm. Kompatybilny np. z kijami teleskopowymi &#8222;Lewi&#8221;. Materia\u0142: tworzywo sztuczne z mosi\u0119\u017cn\u0105 wk\u0142adk\u0105 gwintowan\u0105 (M8)<\/p>\n","protected":false},"featured_media":304,"template":"","meta":[],"product_brand":[],"product_cat":[105],"product_tag":[],"class_list":{"0":"post-427","1":"product","2":"type-product","3":"status-publish","4":"has-post-thumbnail","6":"product_cat-akcesoria","7":"product_shipping_class-koperta-dhl-maxibrief-do-05-kg","9":"first","10":"instock","11":"taxable","12":"shipping-taxable","13":"purchasable","14":"product-type-simple"},"jetpack_sharing_enabled":true,"_links":{"self":[{"href":"https:\/\/www.fruechtepfluecker.de\/pl\/wp-json\/wp\/v2\/product\/427","targetHints":{"allow":["GET"]}}],"collection":[{"href":"https:\/\/www.fruechtepfluecker.de\/pl\/wp-json\/wp\/v2\/product"}],"about":[{"href":"https:\/\/www.fruechtepfluecker.de\/pl\/wp-json\/wp\/v2\/types\/product"}],"wp:featuredmedia":[{"embeddable":true,"href":"https:\/\/www.fruechtepfluecker.de\/pl\/wp-json\/wp\/v2\/media\/304"}],"wp:attachment":[{"href":"https:\/\/www.fruechtepfluecker.de\/pl\/wp-json\/wp\/v2\/media?parent=427"}],"wp:term":[{"taxonomy":"product_brand","embeddable":true,"href":"https:\/\/www.fruechtepfluecker.de\/pl\/wp-json\/wp\/v2\/product_brand?post=427"},{"taxonomy":"product_cat","embeddable":true,"href":"https:\/\/www.fruechtepfluecker.de\/pl\/wp-json\/wp\/v2\/product_cat?post=427"},{"taxonomy":"product_tag","embeddable":true,"href":"https:\/\/www.fruechtepfluecker.de\/pl\/wp-json\/wp\/v2\/product_tag?post=427"}],"curies":[{"name":"wp","href":"https:\/\/api.w.org\/{rel}","templated":true}]}}