{"id":424,"date":"2023-10-20T07:25:57","date_gmt":"2023-10-20T07:25:57","guid":{"rendered":"https:\/\/www.fruechtepfluecker.de\/produkt\/adapter-gzgodny-z-gardena\/"},"modified":"2024-12-13T14:34:30","modified_gmt":"2024-12-13T14:34:30","slug":"adapter-g-m8","status":"publish","type":"product","link":"https:\/\/www.fruechtepfluecker.de\/pl\/produkt\/adapter-g-m8\/","title":{"rendered":"<br>Adapter &#8222;G&#8221; (kompatybilny z adapterami Gardena i Fiskars)"},"content":{"rendered":"<p>Opcjonalny adapter do zbierania owoc\u00f3w. Kompatybilny z &#8222;Gardena Combisystem&#8221; i &#8222;Fiskars QuikFit Adapter&#8221;. <strong>Do trzonk\u00f3w teleskopowych Fiskars wymagane jest nast\u0119puj\u0105ce z\u0142\u0105cze (adapter QuikFit): <a href=\"https:\/\/www.fiskars.com\/de-de\/garten\/produkte\/quikfit-stecksystem\/quikfit-adapter-1000617\" title=\"Adapter Fiskars QuikFit\" rel=\"noopener\" target=\"_blank\">Fiskars QuikFit Adapter<\/a> Uwaga: Nie jest kompatybilny z systemami Fiskars Giraffe! <\/strong> Materia\u0142: Aluminium (6082)<\/p>\n","protected":false},"excerpt":{"rendered":"<p>Opcjonalny adapter do zbierania owoc\u00f3w. Kompatybilny z &#8222;Gardena Combisystem&#8221; i &#8222;Fiskars QuikFit Adapter&#8221;. Do trzonk\u00f3w teleskopowych Fiskars wymagane jest nast\u0119puj\u0105ce z\u0142\u0105cze (adapter QuikFit): Fiskars QuikFit Adapter<span class=\"excerpt-hellip\"> [\u2026]<\/span><\/p>\n","protected":false},"featured_media":392,"template":"","meta":[],"product_brand":[],"product_cat":[105],"product_tag":[],"class_list":{"0":"post-424","1":"product","2":"type-product","3":"status-publish","4":"has-post-thumbnail","6":"product_cat-akcesoria","7":"product_shipping_class-koperta-dhl-maxibrief-do-05-kg","9":"first","10":"instock","11":"taxable","12":"shipping-taxable","13":"purchasable","14":"product-type-simple"},"jetpack_sharing_enabled":true,"_links":{"self":[{"href":"https:\/\/www.fruechtepfluecker.de\/pl\/wp-json\/wp\/v2\/product\/424","targetHints":{"allow":["GET"]}}],"collection":[{"href":"https:\/\/www.fruechtepfluecker.de\/pl\/wp-json\/wp\/v2\/product"}],"about":[{"href":"https:\/\/www.fruechtepfluecker.de\/pl\/wp-json\/wp\/v2\/types\/product"}],"wp:featuredmedia":[{"embeddable":true,"href":"https:\/\/www.fruechtepfluecker.de\/pl\/wp-json\/wp\/v2\/media\/392"}],"wp:attachment":[{"href":"https:\/\/www.fruechtepfluecker.de\/pl\/wp-json\/wp\/v2\/media?parent=424"}],"wp:term":[{"taxonomy":"product_brand","embeddable":true,"href":"https:\/\/www.fruechtepfluecker.de\/pl\/wp-json\/wp\/v2\/product_brand?post=424"},{"taxonomy":"product_cat","embeddable":true,"href":"https:\/\/www.fruechtepfluecker.de\/pl\/wp-json\/wp\/v2\/product_cat?post=424"},{"taxonomy":"product_tag","embeddable":true,"href":"https:\/\/www.fruechtepfluecker.de\/pl\/wp-json\/wp\/v2\/product_tag?post=424"}],"curies":[{"name":"wp","href":"https:\/\/api.w.org\/{rel}","templated":true}]}}