{"id":406,"date":"2023-05-09T08:22:23","date_gmt":"2023-05-09T08:22:23","guid":{"rendered":"https:\/\/www.fruechtepfluecker.de\/produkt\/profesjonalny-zbieracz-owocow-zbieracz-owocow-jablek\/"},"modified":"2024-12-13T14:32:56","modified_gmt":"2024-12-13T14:32:56","slug":"zbieracz-owocow","status":"publish","type":"product","link":"https:\/\/www.fruechtepfluecker.de\/pl\/produkt\/zbieracz-owocow\/","title":{"rendered":"Profesjonalny zbieracz owoc\u00f3w (jab\u0142ek)"},"content":{"rendered":"<table border=\"0\">\n<tbody>\n<tr>\n<td style=\"width:50%\">Materia\u0142:<\/td>\n<td>Stal nierdzewna<\/td>\n<\/tr>\n<tr>\n<td>\u015arednica kosza:<\/td>\n<td>180 mm<\/td>\n<\/tr>\n<tr>\n<td>Wysoko\u015b\u0107 kosza:<\/td>\n<td>150 mm<\/td>\n<\/tr>\n<tr>\n<td colspan=\"2\">Uchwyty na narz\u0119dzia<\/td>\n<\/tr>\n<tr>\n<td>Z\u0142\u0105cze (w zestawie):<\/td>\n<td>Gwint zewn\u0119trzny M8, L 10-15 mm<\/td>\n<\/tr>\n<tr>\n<td>Adapter (w zestawie):<\/td>\n<td>Uniwersalny adapter dr\u0105\u017cka, patrz rysunek (galeria zdj\u0119\u0107)<\/td>\n<\/tr>\n<tr>\n<td colspan=\"2\">Uwaga: Pasek nie jest do\u0142\u0105czony.<\/td>\n<\/tr>\n<\/tbody>\n<\/table>\n","protected":false},"excerpt":{"rendered":"<p>Zbieracz owoc\u00f3w, zrywacz owoc\u00f3w, zrywacz jab\u0142ek<\/p>\n","protected":false},"featured_media":348,"template":"","meta":[],"product_brand":[],"product_cat":[97],"product_tag":[101,102,103],"class_list":{"0":"post-406","1":"product","2":"type-product","3":"status-publish","4":"has-post-thumbnail","6":"product_cat-zbieracz-owocow","7":"product_tag-selektor-jablek","8":"product_tag-zbieracz-owocow","9":"product_tag-zbieracz-owocow-pl","10":"product_shipping_class-paczka-do-12-kg","12":"first","13":"instock","14":"taxable","15":"shipping-taxable","16":"purchasable","17":"product-type-simple"},"jetpack_sharing_enabled":true,"_links":{"self":[{"href":"https:\/\/www.fruechtepfluecker.de\/pl\/wp-json\/wp\/v2\/product\/406","targetHints":{"allow":["GET"]}}],"collection":[{"href":"https:\/\/www.fruechtepfluecker.de\/pl\/wp-json\/wp\/v2\/product"}],"about":[{"href":"https:\/\/www.fruechtepfluecker.de\/pl\/wp-json\/wp\/v2\/types\/product"}],"wp:featuredmedia":[{"embeddable":true,"href":"https:\/\/www.fruechtepfluecker.de\/pl\/wp-json\/wp\/v2\/media\/348"}],"wp:attachment":[{"href":"https:\/\/www.fruechtepfluecker.de\/pl\/wp-json\/wp\/v2\/media?parent=406"}],"wp:term":[{"taxonomy":"product_brand","embeddable":true,"href":"https:\/\/www.fruechtepfluecker.de\/pl\/wp-json\/wp\/v2\/product_brand?post=406"},{"taxonomy":"product_cat","embeddable":true,"href":"https:\/\/www.fruechtepfluecker.de\/pl\/wp-json\/wp\/v2\/product_cat?post=406"},{"taxonomy":"product_tag","embeddable":true,"href":"https:\/\/www.fruechtepfluecker.de\/pl\/wp-json\/wp\/v2\/product_tag?post=406"}],"curies":[{"name":"wp","href":"https:\/\/api.w.org\/{rel}","templated":true}]}}