{"id":431,"date":"2020-10-13T13:26:00","date_gmt":"2020-10-13T13:26:00","guid":{"rendered":"https:\/\/www.fruechtepfluecker.de\/strona-glowna\/"},"modified":"2024-12-13T14:27:31","modified_gmt":"2024-12-13T14:27:31","slug":"strona-glowna","status":"publish","type":"page","link":"https:\/\/www.fruechtepfluecker.de\/pl\/","title":{"rendered":"Strona g\u0142\u00f3wna"},"content":{"rendered":"<h1>Nie ma niczego, czego nie mo\u017cna poprawi\u0107!<\/h1>\n<p>  Dzi\u0119ki temu zbieraczowi owoc\u00f3w ze stali nierdzewnej, jab\u0142ka i inne rodzaje przechowywanych owoc\u00f3w mo\u017cna zbiera\u0107 \u0142atwo, bezpiecznie i bez wysi\u0142ku, bez u\u017cycia drabin. W przeciwie\u0144stwie do konwencjonalnych podbieraczy z workiem zbieraj\u0105cym, ten opatentowany podbieracz eliminuje \u017cmudne zadanie schylania si\u0119 i wybierania owoc\u00f3w i resztek li\u015bci. Ponadto widok upraw jest zawsze wyra\u017any.  <\/p>\n<h2>Wyrafinowany, praktyczny i bezpieczny.<\/h2>\n<h4>Owoce mniej bol\u0105!<\/h4>\n<h4>Owoce s\u0105 zawsze widoczne podczas procesu zbioru!<\/h4>\n<h4>Wystarczy lekko przekr\u0119ci\u0107 lub poci\u0105gn\u0105\u0107, aby owoc oderwa\u0142 si\u0119 od drzewa!<\/h4>\n<h4>Owoce s\u0105 o wiele \u0142atwiejsze do uchwycenia!<\/h4>\n<h4>\u0141atwe opr\u00f3\u017cnianie z lekkim przekr\u0119ceniem!<\/h4>\n<h4>Owoce le\u017c\u0105ce na ziemi mo\u017cna podnosi\u0107 bez schylania si\u0119!<\/h4>\n<h4>jako\u015b\u0107<\/h4>\n<p>  Trwa\u0142y i bardzo stabilny, wykonany ze stali nierdzewnej. (R\u0119czna produkcja w Bawarii)  <\/p>\n<h4>Szybka dostawa<\/h4>\n<p>  Dostarczane jako paczka w ci\u0105gu zaledwie kilku dni.<img decoding=\"async\" src=\"https:\/\/www.fruechtepfluecker.de\/wp-content\/uploads\/Logo_Home.png\" alt=\"Zbieracz jab\u0142ek, zbieracz owoc\u00f3w, logo zbieracza owoc\u00f3w\" title=\"\"><\/p>\n<h2>Prawdziwa innowacja w sektorze zbioru owoc\u00f3w<\/h2>\n<p>  Ten opatentowany FRUIT PICKER rewolucjonizuje spos\u00f3b zbierania jab\u0142ek i innych przechowywanych owoc\u00f3w, umo\u017cliwiaj\u0105c wygodne, bezpieczne i bezwysi\u0142kowe zbieranie bez konieczno\u015bci wspinania si\u0119 na drabiny.<img decoding=\"async\" src=\"https:\/\/www.fruechtepfluecker.de\/wp-content\/uploads\/illu_3.jpg\" alt=\"Zbieracz jab\u0142ek, zbieracz owoc\u00f3w, ilustracja zbieracza owoc\u00f3w\" title=\"\">  Jedn\u0105 z wyj\u0105tkowych cech naszego r\u0119cznie produkowanego zbieracza owoc\u00f3w, w przeciwie\u0144stwie do konwencjonalnych zbieraczy z workiem zbieraj\u0105cym, jest wyeliminowanie \u017cmudnego zbierania resztek owoc\u00f3w i li\u015bci. Opr\u00f3\u017cnianie zbieracza owoc\u00f3w jest bardzo proste. Lekkie przekr\u0119cenie pozwala \u0142atwo opr\u00f3\u017cni\u0107 zebrane owoce i szybko przetworzy\u0107 zbiory. Ponadto zbieracz owoc\u00f3w umo\u017cliwia znacznie lepsz\u0105 obs\u0142ug\u0119 owoc\u00f3w. Owoce odrywaj\u0105 si\u0119 od drzewa za pomoc\u0105 prostego przekr\u0119cenia lub poci\u0105gni\u0119cia, s\u0105 \u0142atwe do uchwycenia i mo\u017cna je precyzyjnie zbiera\u0107 bez uszkadzania owoc\u00f3w. Zapewnia to najwy\u017csz\u0105 jako\u015b\u0107 zebranych owoc\u00f3w. Kolejn\u0105 wyj\u0105tkow\u0105 cech\u0105 naszej maszyny do zbioru owoc\u00f3w jest nieograniczony widok na owoce podczas ca\u0142ego procesu zbioru. Oznacza to, \u017ce zawsze masz pe\u0142n\u0105 kontrol\u0119 i mo\u017cesz zapewni\u0107, \u017ce zbierane s\u0105 tylko dojrza\u0142e owoce wysokiej jako\u015bci. Dodatkow\u0105 zalet\u0105 naszego podno\u015bnika do owoc\u00f3w jest mo\u017cliwo\u015b\u0107 podnoszenia owoc\u00f3w le\u017c\u0105cych na ziemi bez konieczno\u015bci schylania si\u0119. Dzi\u0119ki temu urz\u0105dzeniu mo\u017cna \u0142atwo dotrze\u0107 do owoc\u00f3w, kt\u00f3re nie wisz\u0105 ju\u017c na drzewie, co pozwala w pe\u0142ni wykorzysta\u0107 zbiory. Podsumowuj\u0105c, nasz zbieracz owoc\u00f3w oferuje szereg korzy\u015bci: wygodny i energooszcz\u0119dny zbi\u00f3r, mniejsze uszkodzenia owoc\u00f3w, \u0142atwe opr\u00f3\u017cnianie, nieograniczony widok na owoce, ulepszone przenoszenie owoc\u00f3w i zbieranie owoc\u00f3w le\u017c\u0105cych na ziemi bez schylania si\u0119. Przekonaj si\u0119 do tej innowacji i u\u0142atw sobie zbieranie owoc\u00f3w dzi\u0119ki naszemu FRUIT PICKER<a title=\"\" href=\"\/produkt\/obstpfluecker\/\">.zam\u00f3w teraz<\/a><\/p>\n","protected":false},"excerpt":{"rendered":"<p>Dzi\u0119ki temu opatentowanemu podbieraczowi, jab\u0142ka i inne rodzaje przechowywanych owoc\u00f3w mog\u0105 by\u0107 zbierane wygodnie, bezpiecznie i bez wysi\u0142ku, bez u\u017cycia drabin. W przeciwie\u0144stwie do konwencjonalnych zbieraczek z workiem zbieraj\u0105cym, nie ma potrzeby schylania si\u0119 i zbierania owoc\u00f3w i li\u015bci. Ponadto widok upraw jest zawsze wyra\u017any.<\/p>\n","protected":false},"author":1,"featured_media":0,"parent":0,"menu_order":0,"comment_status":"open","ping_status":"closed","template":"","meta":{"footnotes":""},"class_list":["post-431","page","type-page","status-publish","hentry"],"jetpack_sharing_enabled":true,"amp_enabled":false,"_links":{"self":[{"href":"https:\/\/www.fruechtepfluecker.de\/pl\/wp-json\/wp\/v2\/pages\/431","targetHints":{"allow":["GET"]}}],"collection":[{"href":"https:\/\/www.fruechtepfluecker.de\/pl\/wp-json\/wp\/v2\/pages"}],"about":[{"href":"https:\/\/www.fruechtepfluecker.de\/pl\/wp-json\/wp\/v2\/types\/page"}],"author":[{"embeddable":true,"href":"https:\/\/www.fruechtepfluecker.de\/pl\/wp-json\/wp\/v2\/users\/1"}],"replies":[{"embeddable":true,"href":"https:\/\/www.fruechtepfluecker.de\/pl\/wp-json\/wp\/v2\/comments?post=431"}],"version-history":[{"count":3,"href":"https:\/\/www.fruechtepfluecker.de\/pl\/wp-json\/wp\/v2\/pages\/431\/revisions"}],"predecessor-version":[{"id":572,"href":"https:\/\/www.fruechtepfluecker.de\/pl\/wp-json\/wp\/v2\/pages\/431\/revisions\/572"}],"wp:attachment":[{"href":"https:\/\/www.fruechtepfluecker.de\/pl\/wp-json\/wp\/v2\/media?parent=431"}],"curies":[{"name":"wp","href":"https:\/\/api.w.org\/{rel}","templated":true}]}}