{"id":430,"date":"2020-10-13T13:26:00","date_gmt":"2020-10-13T13:26:00","guid":{"rendered":"https:\/\/www.fruechtepfluecker.de\/pagina-iniziale\/"},"modified":"2024-12-13T14:27:18","modified_gmt":"2024-12-13T14:27:18","slug":"pagina-iniziale","status":"publish","type":"page","link":"https:\/\/www.fruechtepfluecker.de\/it\/","title":{"rendered":"Pagina iniziale"},"content":{"rendered":"<h1>Non c&#8217;\u00e8 nulla che non possa essere migliorato!<\/h1>\n<p>  Con questo raccoglitore di frutta in acciaio inox, le mele e altri tipi di frutta immagazzinata possono essere raccolte in modo facile, sicuro e senza sforzo senza l&#8217;uso di scale. A differenza dei raccoglitori tradizionali con sacco di raccolta, questo raccoglitore brevettato elimina il noioso compito di chinarsi per raccogliere i frutti e i residui di foglie. Inoltre, la vista del raccolto \u00e8 sempre libera.  <\/p>\n<h2>Ben pensato, pratico e sicuro.<\/h2>\n<h4>Il frutto \u00e8 meno ferito!<\/h4>\n<h4>La frutta \u00e8 sempre visibile durante il processo di raccolta!<\/h4>\n<h4>Basta girare o tirare leggermente e i frutti sono staccati dall&#8217;albero!<\/h4>\n<h4>I frutti sono molto meglio da afferrare!<\/h4>\n<h4>Svuotamento facile con una leggera rotazione!<\/h4>\n<h4>La frutta sdraiata sul fondo pu\u00f2 essere raccolta senza piegarsi!<\/h4>\n<h4>qualit\u00e0<\/h4>\n<p>  Resistente e molto stabile in acciaio inox. (Realizzato a mano in Baviera)  <\/p>\n<h4>Consegna veloce<\/h4>\n<p>  Consegnato come pacco in pochi giorni.<img decoding=\"async\" src=\"https:\/\/www.fruechtepfluecker.de\/wp-content\/uploads\/Logo_Home.png\" alt=\"Raccoglitore di mele, raccoglitore di frutta, logo raccoglitore di frutta\" title=\"\"><\/p>\n<h2>Una vera innovazione nel settore della raccolta della frutta<\/h2>\n<p>  Questo raccoglitore di frutta brevettato rivoluziona il modo in cui si raccolgono le mele e altra frutta conservata, consentendoti di raccogliere in modo comodo, sicuro e senza sforzo senza dover salire su scale.<img decoding=\"async\" src=\"https:\/\/www.fruechtepfluecker.de\/wp-content\/uploads\/illu_3.jpg\" alt=\"Raccoglitore di mele, raccoglitore di frutta, illustrazione di un raccoglitore di frutta\" title=\"\">  Una delle caratteristiche principali della nostra raccoglitrice manuale, a differenza delle raccoglitrici tradizionali con sacco di raccolta, \u00e8 l&#8217;eliminazione della noiosa raccolta dei residui di frutta e foglie. Svuotare il raccoglitore di frutta \u00e8 molto semplice. Con una leggera rotazione, \u00e8 possibile svuotare facilmente i frutti raccolti e lavorare rapidamente il raccolto. Inoltre, il raccoglitore di frutta consente una migliore manipolazione della frutta. I frutti si staccano dall&#8217;albero con una semplice torsione o trazione, sono facili da afferrare e possono essere raccolti con precisione senza danneggiare il frutto. In questo modo si garantisce che i frutti raccolti siano della massima qualit\u00e0. Un&#8217;altra caratteristica eccezionale del nostro raccoglitore di frutta \u00e8 la visione libera della frutta durante l&#8217;intero processo di raccolta. In questo modo avete sempre il pieno controllo e potete assicurarvi che vengano raccolti solo frutti maturi e di alta qualit\u00e0. Un ulteriore vantaggio del nostro raccoglitore di frutta \u00e8 la possibilit\u00e0 di raccogliere la frutta a terra senza doversi chinare. Con questo apparecchio \u00e8 possibile raggiungere facilmente i frutti che non sono pi\u00f9 appesi all&#8217;albero, consentendo di sfruttare appieno il raccolto. Nel complesso, il nostro raccoglitore di frutta offre una serie di vantaggi: raccolta comoda e a risparmio energetico, riduzione dei danni alla frutta, facilit\u00e0 di svuotamento, visione libera della frutta, migliore manipolazione della frutta e raccolta della frutta a terra senza doversi chinare. Convinciti di questa innovazione e facilita la raccolta della frutta con il nostro FRUIT PICKER<a title=\"\" href=\"\/produkt\/obstpfluecker\/\">.Ordina ora<\/a><\/p>\n","protected":false},"excerpt":{"rendered":"<p>Con questo raccoglitore brevettato, le mele e altri tipi di frutta immagazzinata possono essere raccolte in modo comodo, sicuro e senza sforzo senza l&#8217;uso di scale. A differenza dei raccoglitori tradizionali con sacco di raccolta, non \u00e8 necessario chinarsi per raccogliere i frutti e i residui di foglie. Inoltre, la visione del raccolto \u00e8 sempre chiara.<\/p>\n","protected":false},"author":1,"featured_media":0,"parent":0,"menu_order":0,"comment_status":"open","ping_status":"closed","template":"","meta":{"footnotes":""},"class_list":["post-430","page","type-page","status-publish","hentry"],"jetpack_sharing_enabled":true,"amp_enabled":false,"_links":{"self":[{"href":"https:\/\/www.fruechtepfluecker.de\/it\/wp-json\/wp\/v2\/pages\/430","targetHints":{"allow":["GET"]}}],"collection":[{"href":"https:\/\/www.fruechtepfluecker.de\/it\/wp-json\/wp\/v2\/pages"}],"about":[{"href":"https:\/\/www.fruechtepfluecker.de\/it\/wp-json\/wp\/v2\/types\/page"}],"author":[{"embeddable":true,"href":"https:\/\/www.fruechtepfluecker.de\/it\/wp-json\/wp\/v2\/users\/1"}],"replies":[{"embeddable":true,"href":"https:\/\/www.fruechtepfluecker.de\/it\/wp-json\/wp\/v2\/comments?post=430"}],"version-history":[{"count":3,"href":"https:\/\/www.fruechtepfluecker.de\/it\/wp-json\/wp\/v2\/pages\/430\/revisions"}],"predecessor-version":[{"id":571,"href":"https:\/\/www.fruechtepfluecker.de\/it\/wp-json\/wp\/v2\/pages\/430\/revisions\/571"}],"wp:attachment":[{"href":"https:\/\/www.fruechtepfluecker.de\/it\/wp-json\/wp\/v2\/media?parent=430"}],"curies":[{"name":"wp","href":"https:\/\/api.w.org\/{rel}","templated":true}]}}