{"id":481,"date":"2023-10-20T08:04:26","date_gmt":"2023-10-20T08:04:26","guid":{"rendered":"https:\/\/www.fruechtepfluecker.de\/produkt\/adaptateur-universel-de-barreremplacement\/"},"modified":"2024-12-13T14:37:06","modified_gmt":"2024-12-13T14:37:06","slug":"adaptateur-universel","status":"publish","type":"product","link":"https:\/\/www.fruechtepfluecker.de\/fr\/produkt\/adaptateur-universel\/","title":{"rendered":"Adaptateur universel de barre<br>(remplacement)"},"content":{"rendered":"<p>Cet adaptateur de tige est d\u00e9j\u00e0 inclus dans la commande d&rsquo;un CULTIVATEUR DE FRUITS, mais il peut aussi \u00eatre achet\u00e9 s\u00e9par\u00e9ment (par exemple comme remplacement).<\/p>\n","protected":false},"excerpt":{"rendered":"<p>Cet adaptateur de tige est d\u00e9j\u00e0 inclus dans la commande d&rsquo;un CULTIVATEUR DE FRUITS, mais il peut aussi \u00eatre achet\u00e9 s\u00e9par\u00e9ment (par exemple comme remplacement).<\/p>\n","protected":false},"featured_media":310,"template":"","meta":[],"product_brand":[],"product_cat":[109],"product_tag":[],"class_list":{"0":"post-481","1":"product","2":"type-product","3":"status-publish","4":"has-post-thumbnail","6":"product_cat-accessoires","7":"product_shipping_class-enveloppe-dexpedition-dhl-maxibrief-jusqua-05kg","9":"first","10":"instock","11":"taxable","12":"shipping-taxable","13":"purchasable","14":"product-type-simple"},"jetpack_sharing_enabled":true,"_links":{"self":[{"href":"https:\/\/www.fruechtepfluecker.de\/fr\/wp-json\/wp\/v2\/product\/481","targetHints":{"allow":["GET"]}}],"collection":[{"href":"https:\/\/www.fruechtepfluecker.de\/fr\/wp-json\/wp\/v2\/product"}],"about":[{"href":"https:\/\/www.fruechtepfluecker.de\/fr\/wp-json\/wp\/v2\/types\/product"}],"wp:featuredmedia":[{"embeddable":true,"href":"https:\/\/www.fruechtepfluecker.de\/fr\/wp-json\/wp\/v2\/media\/310"}],"wp:attachment":[{"href":"https:\/\/www.fruechtepfluecker.de\/fr\/wp-json\/wp\/v2\/media?parent=481"}],"wp:term":[{"taxonomy":"product_brand","embeddable":true,"href":"https:\/\/www.fruechtepfluecker.de\/fr\/wp-json\/wp\/v2\/product_brand?post=481"},{"taxonomy":"product_cat","embeddable":true,"href":"https:\/\/www.fruechtepfluecker.de\/fr\/wp-json\/wp\/v2\/product_cat?post=481"},{"taxonomy":"product_tag","embeddable":true,"href":"https:\/\/www.fruechtepfluecker.de\/fr\/wp-json\/wp\/v2\/product_tag?post=481"}],"curies":[{"name":"wp","href":"https:\/\/api.w.org\/{rel}","templated":true}]}}