{"id":425,"date":"2023-10-20T07:23:20","date_gmt":"2023-10-20T07:23:20","guid":{"rendered":"https:\/\/www.fruechtepfluecker.de\/produkt\/adaptateur-kcone-de-peintre-m8\/"},"modified":"2024-12-13T14:33:19","modified_gmt":"2024-12-13T14:33:19","slug":"adaptateur-cone-m8pour-20mm-barres","status":"publish","type":"product","link":"https:\/\/www.fruechtepfluecker.de\/fr\/produkt\/adaptateur-cone-m8pour-20mm-barres\/","title":{"rendered":"Adaptateur \u00ab\u00a0K\u00a0\u00bb<br>(c\u00f4ne de peintre M8)<br><br>"},"content":{"rendered":"<p>Adaptateur conique M8 pour barres de 20 mm de diam\u00e8tre. Compatible par exemple avec les perches t\u00e9lescopiques \u00ab\u00a0Lewi\u00a0\u00bb. Mat\u00e9riau : plastique avec insert filet\u00e9 en laiton (M8)<\/p>\n","protected":false},"excerpt":{"rendered":"<p>Adaptateur conique M8 pour barres de 20 mm de diam\u00e8tre. Compatible par exemple avec les perches t\u00e9lescopiques \u00ab\u00a0Lewi\u00a0\u00bb. Mat\u00e9riau : plastique avec insert filet\u00e9 en laiton<span class=\"excerpt-hellip\"> [\u2026]<\/span><\/p>\n","protected":false},"featured_media":302,"template":"","meta":[],"product_brand":[],"product_cat":[109],"product_tag":[],"class_list":{"0":"post-425","1":"product","2":"type-product","3":"status-publish","4":"has-post-thumbnail","6":"product_cat-accessoires","7":"product_shipping_class-enveloppe-dexpedition-dhl-maxibrief-jusqua-05kg","9":"first","10":"instock","11":"taxable","12":"shipping-taxable","13":"purchasable","14":"product-type-simple"},"jetpack_sharing_enabled":true,"_links":{"self":[{"href":"https:\/\/www.fruechtepfluecker.de\/fr\/wp-json\/wp\/v2\/product\/425","targetHints":{"allow":["GET"]}}],"collection":[{"href":"https:\/\/www.fruechtepfluecker.de\/fr\/wp-json\/wp\/v2\/product"}],"about":[{"href":"https:\/\/www.fruechtepfluecker.de\/fr\/wp-json\/wp\/v2\/types\/product"}],"wp:featuredmedia":[{"embeddable":true,"href":"https:\/\/www.fruechtepfluecker.de\/fr\/wp-json\/wp\/v2\/media\/302"}],"wp:attachment":[{"href":"https:\/\/www.fruechtepfluecker.de\/fr\/wp-json\/wp\/v2\/media?parent=425"}],"wp:term":[{"taxonomy":"product_brand","embeddable":true,"href":"https:\/\/www.fruechtepfluecker.de\/fr\/wp-json\/wp\/v2\/product_brand?post=425"},{"taxonomy":"product_cat","embeddable":true,"href":"https:\/\/www.fruechtepfluecker.de\/fr\/wp-json\/wp\/v2\/product_cat?post=425"},{"taxonomy":"product_tag","embeddable":true,"href":"https:\/\/www.fruechtepfluecker.de\/fr\/wp-json\/wp\/v2\/product_tag?post=425"}],"curies":[{"name":"wp","href":"https:\/\/api.w.org\/{rel}","templated":true}]}}