{"id":429,"date":"2020-10-13T13:26:00","date_gmt":"2020-10-13T13:26:00","guid":{"rendered":"https:\/\/www.fruechtepfluecker.de\/page-daccueil\/"},"modified":"2024-12-13T14:29:46","modified_gmt":"2024-12-13T14:29:46","slug":"page-daccueil","status":"publish","type":"page","link":"https:\/\/www.fruechtepfluecker.de\/fr\/","title":{"rendered":"Page d&rsquo;accueil"},"content":{"rendered":"<h1>Il n&rsquo;y a rien qui ne puisse \u00eatre am\u00e9lior\u00e9 !<\/h1>\n<p>  Ce cueilleur de fruits en acier inoxydable permet de cueillir les pommes et autres fruits de garde sans l&rsquo;aide d&rsquo;une \u00e9chelle, de mani\u00e8re pratique, s\u00fbre et en \u00e9conomisant ses forces. Contrairement aux cueilleurs traditionnels avec sac de ramassage, ce cueilleur brevet\u00e9 \u00e9vite de se pencher et de ramasser les fruits et les restes de feuilles. De plus, la vue sur la r\u00e9colte reste toujours d\u00e9gag\u00e9e.  <\/p>\n<h2>Bien pens\u00e9, pratique et s\u00fbr.<\/h2>\n<h4>Les fruits sont moins ab\u00eem\u00e9s !<\/h4>\n<h4>Les fruits sont toujours visibles pendant la cueillette !<\/h4>\n<h4>Il suffit de tourner ou de tirer l\u00e9g\u00e8rement pour que les fruits se d\u00e9tachent de l&rsquo;arbre !<\/h4>\n<h4>Les fruits sont bien plus faciles \u00e0 attraper !<\/h4>\n<h4>Facile \u00e0 vider en le tournant l\u00e9g\u00e8rement !<\/h4>\n<h4>Les fruits pos\u00e9s au sol peuvent \u00eatre ramass\u00e9s sans se baisser !<\/h4>\n<h4>Qualit\u00e9<\/h4>\n<p>  Durable et tr\u00e8s solide en acier inoxydable. (Handmade in Bavaria)  <\/p>\n<h4>Livraison rapide<\/h4>\n<p>  Livr\u00e9 chez vous en quelques jours seulement.<img decoding=\"async\" src=\"https:\/\/www.fruechtepfluecker.de\/wp-content\/uploads\/Logo_Home.png\" alt=\"Apfelpfl\u00fccker, Obstpfl\u00fccker, Fr\u00fcchtepfl\u00fccker Logo\" title=\"\"><\/p>\n<h2>Une v\u00e9ritable innovation dans le domaine de la r\u00e9colte des fruits<\/h2>\n<p>  Cette r\u00e9colteuse de fruits brevet\u00e9e r\u00e9volutionne la fa\u00e7on de r\u00e9colter les pommes et les autres fruits de garde.<img decoding=\"async\" src=\"https:\/\/www.fruechtepfluecker.de\/wp-content\/uploads\/illu_3.jpg\" alt=\"Apfelpfl\u00fccker, Obstpfl\u00fccker, Fr\u00fcchtepfl\u00fccker Illustration\" title=\"\">  L&rsquo;une des caract\u00e9ristiques les plus remarquables de notre cueilleur de fruits manuel, contrairement aux cueilleurs traditionnels \u00e9quip\u00e9s d&rsquo;un sac de ramassage, est l&rsquo;\u00e9limination de la t\u00e2che fastidieuse de ramassage des fruits et des feuilles mortes. Le vidage du cueilleur de fruits est tr\u00e8s simple. Une l\u00e9g\u00e8re rotation vous permet de vider sans effort les fruits ramass\u00e9s et de poursuivre rapidement votre r\u00e9colte. De plus, le cueilleur de fruits permet une bien meilleure manipulation des fruits. Il suffit de tourner ou de tirer pour d\u00e9tacher les fruits de l&rsquo;arbre. Ils sont faciles \u00e0 saisir et peuvent \u00eatre r\u00e9colt\u00e9s avec pr\u00e9cision sans endommager les fruits. Cela permet de garantir que les fruits r\u00e9colt\u00e9s restent de la plus haute qualit\u00e9. Une autre caract\u00e9ristique remarquable de notre cueilleur de fruits est la vue illimit\u00e9e sur les fruits pendant tout le processus de cueillette. Vous avez ainsi toujours un contr\u00f4le total et pouvez vous assurer que seuls des fruits m\u00fbrs et de qualit\u00e9 sont r\u00e9colt\u00e9s. Un avantage suppl\u00e9mentaire de notre cueilleur de fruits est qu&rsquo;il permet de ramasser les fruits qui se trouvent au sol sans que vous ayez \u00e0 vous baisser. Cet appareil vous permet d&rsquo;atteindre facilement les fruits qui ne sont plus sur l&rsquo;arbre et de profiter ainsi pleinement de votre r\u00e9colte. Dans l&rsquo;ensemble, notre cueilleur de fruits offre de nombreux avantages : une r\u00e9colte confortable et \u00e9conome en \u00e9nergie, une r\u00e9duction des blessures aux fruits, un vidage facile, une vue illimit\u00e9e sur les fruits, une meilleure manipulation des fruits et le ramassage des fruits tomb\u00e9s au sol sans devoir se baisser. D\u00e9couvrez cette innovation et facilitez-vous la r\u00e9colte des fruits avec notre CULTIVATEUR DE FRUITS<a title=\"\" href=\"\/produkt\/obstpfluecker\/\">.<\/a><\/p>\n","protected":false},"excerpt":{"rendered":"<p>Ce cueilleur brevet\u00e9 permet de cueillir les pommes et autres fruits de garde sans l&rsquo;aide d&rsquo;une \u00e9chelle, de mani\u00e8re confortable, s\u00fbre et en \u00e9conomisant ses forces. Contrairement aux cueilleurs traditionnels avec sac de ramassage, il n&rsquo;est plus n\u00e9cessaire de se pencher et de ramasser les fruits et les restes de feuilles. De plus, la vue sur la r\u00e9colte reste toujours d\u00e9gag\u00e9e.<\/p>\n","protected":false},"author":1,"featured_media":0,"parent":0,"menu_order":0,"comment_status":"open","ping_status":"closed","template":"","meta":{"footnotes":""},"class_list":["post-429","page","type-page","status-publish","hentry"],"jetpack_sharing_enabled":true,"amp_enabled":false,"_links":{"self":[{"href":"https:\/\/www.fruechtepfluecker.de\/fr\/wp-json\/wp\/v2\/pages\/429","targetHints":{"allow":["GET"]}}],"collection":[{"href":"https:\/\/www.fruechtepfluecker.de\/fr\/wp-json\/wp\/v2\/pages"}],"about":[{"href":"https:\/\/www.fruechtepfluecker.de\/fr\/wp-json\/wp\/v2\/types\/page"}],"author":[{"embeddable":true,"href":"https:\/\/www.fruechtepfluecker.de\/fr\/wp-json\/wp\/v2\/users\/1"}],"replies":[{"embeddable":true,"href":"https:\/\/www.fruechtepfluecker.de\/fr\/wp-json\/wp\/v2\/comments?post=429"}],"version-history":[{"count":4,"href":"https:\/\/www.fruechtepfluecker.de\/fr\/wp-json\/wp\/v2\/pages\/429\/revisions"}],"predecessor-version":[{"id":576,"href":"https:\/\/www.fruechtepfluecker.de\/fr\/wp-json\/wp\/v2\/pages\/429\/revisions\/576"}],"wp:attachment":[{"href":"https:\/\/www.fruechtepfluecker.de\/fr\/wp-json\/wp\/v2\/media?parent=429"}],"curies":[{"name":"wp","href":"https:\/\/api.w.org\/{rel}","templated":true}]}}